{"id":7,"date":"2011-03-09T19:17:47","date_gmt":"2011-03-09T19:17:47","guid":{"rendered":"http:\/\/vanguardimport.unispheredesign.com\/?page_id=7"},"modified":"2020-05-17T10:20:11","modified_gmt":"2020-05-17T10:20:11","slug":"home","status":"publish","type":"page","link":"https:\/\/www.blutex.pt\/","title":{"rendered":"Home"},"content":{"rendered":"<div class=\"big-title\">\n<div class=\"bar\"><\/div>\n<h2><\/h2>\n<p class=\"sub-title\">Uma <strong>refer\u00eancia <\/strong>da ind\u00fastria de confec\u00e7\u00e3o t\u00eaxtil do norte de Portugal com mais de 25 anos de experi\u00eancia.<\/p>\n<\/div>\n<div class=\"wide-bar\" style=\"background-color: #f0eced; background-position: center center; background-repeat: no-repeat; padding-top: 40px; padding-bottom: 10px; margin-bottom: 20px; \">\n<h3>SERVI\u00c7OS<\/h3>\n<div class=\"portfolio-shortcode\">\n<ul class=\"portfolio-4-columns-list portfolio-scale clearfix\">\n<li class=\"portfolio-item\"><a class=\"portfolio-image\" href=\"https:\/\/www.blutex.pt\/?portfolio_cpt=tecelagem-de-malhas-2\" title=\"Tecelagem de Malhas\"><img decoding=\"async\" loading=\"lazy\" src=\"https:\/\/www.blutex.pt\/wp-content\/uploads\/2012\/12\/tecelagem5-225x140-crop.jpg\" width=\"225\" height=\"140\" alt=\"\" \/><\/a>\n<div class=\"long-bar\"><\/div>\n<div class=\"portfolio-info\"><a class=\"portfolio-title\" href=\"https:\/\/www.blutex.pt\/?portfolio_cpt=tecelagem-de-malhas-2\">Tecelagem de Malhas<\/a><\/div>\n<\/li>\n<li class=\"portfolio-item\"><a class=\"portfolio-image\" href=\"https:\/\/www.blutex.pt\/?portfolio_cpt=corte-automatico-2\" title=\"Corte Autom\u00e1tico\"><img decoding=\"async\" loading=\"lazy\" src=\"https:\/\/www.blutex.pt\/wp-content\/uploads\/2012\/12\/corte1-225x140-crop.jpg\" width=\"225\" height=\"140\" alt=\"\" \/><\/a>\n<div class=\"long-bar\"><\/div>\n<div class=\"portfolio-info\"><a class=\"portfolio-title\" href=\"https:\/\/www.blutex.pt\/?portfolio_cpt=corte-automatico-2\">Corte Autom\u00e1tico<\/a><\/div>\n<\/li>\n<li class=\"portfolio-item\"><a class=\"portfolio-image\" href=\"https:\/\/www.blutex.pt\/?portfolio_cpt=confeccao\" title=\"Confec\u00e7\u00e3o\"><img decoding=\"async\" loading=\"lazy\" src=\"https:\/\/www.blutex.pt\/wp-content\/uploads\/2012\/12\/confeccao1-225x140-crop.jpg\" width=\"225\" height=\"140\" alt=\"\" \/><\/a>\n<div class=\"long-bar\"><\/div>\n<div class=\"portfolio-info\"><a class=\"portfolio-title\" href=\"https:\/\/www.blutex.pt\/?portfolio_cpt=confeccao\">Confec\u00e7\u00e3o<\/a><\/div>\n<\/li>\n<li class=\"portfolio-item\"><a class=\"portfolio-image\" href=\"https:\/\/www.blutex.pt\/?portfolio_cpt=embalagem-automatica-controlo-de-qualidade\" title=\"Embalagem Autom\u00e1tica \/ Controlo de Qualidade\"><img decoding=\"async\" loading=\"lazy\" src=\"https:\/\/www.blutex.pt\/wp-content\/uploads\/2012\/12\/emb2-225x140-crop.jpg\" width=\"225\" height=\"140\" alt=\"\" \/><\/a>\n<div class=\"long-bar\"><\/div>\n<div class=\"portfolio-info\"><a class=\"portfolio-title\" href=\"https:\/\/www.blutex.pt\/?portfolio_cpt=embalagem-automatica-controlo-de-qualidade\">Embalagem Autom\u00e1tica \/ Controlo de Qualidade<\/a><\/div>\n<\/li>\n<\/ul>\n<\/div>\n<\/div>\n<div class=\"small-title\">\n<h3>NOT\u00cdCIAS<\/h3>\n<div class=\"long-bar\"><\/div>\n<\/div>\n<div class=\"widget-posts widget-posts-off-sidebar\">\n<ul>\n<li class=\"no-image\"><a href=\"https:\/\/www.blutex.pt\/?p=1747\" title=\"Norma NP EN ISO &#8211; 9002\" class=\"post-title\">Norma NP EN ISO &#8211; 9002<\/a>\n<p class=\"excerpt\">A Blutex obteve a sua certifica\u00e7\u00e3o da qualidade, de acordo com a norma NP EN ISO&hellip;<\/p>\n<\/li>\n<li class=\"no-image\"><a href=\"https:\/\/www.blutex.pt\/?p=1744\" title=\"Estatuto PME Excel\u00eancia\" class=\"post-title\">Estatuto PME Excel\u00eancia<\/a>\n<p class=\"excerpt\">A Blutex \u00e9 uma empresa distinguida com o estatuto PME Excel\u00eancia Ind\u00fastria. A cria\u00e7\u00e3o do Estatuto&hellip;<\/p>\n<\/li>\n<\/ul>\n<\/div>\n<div class=\"small-title\">\n<h3>Fabricamos para:<\/h3>\n<div class=\"long-bar\"><\/div>\n<\/div>\n<div class=\"wide-bar\" style=\"background-color: #f0eced; background-image: url('https:\/\/www.blutex.pt\/wp-content\/uploads\/2012\/11\/noisy_grid.png'); background-position: center center; background-repeat: repeat; padding-top: 32px; padding-bottom: 20px; margin-bottom: 0px; \">\n<img decoding=\"async\" src=\"https:\/\/www.blutex.pt\/wp-content\/uploads\/2012\/11\/logos.png\" alt=\"\" title=\"\" \/>\n<\/div>\n<div class=\"small-title\">\n<h3>Visite-nos<\/h3>\n<div class=\"long-bar\"><\/div>\n<\/div>\n<div class=\"gmap\" id=\"gmap1302436431\" style=\"width: 960px; height: 400px;\"><\/div>\n<p><script>unisphere_gmap();jQuery(window).load(function(){jQuery(\"#gmap1302436431\").gMap( {maptype: google.maps.MapTypeId.ROADMAP,zoom: 15,markers: [ { address: \"Rua Ant\u00f3nio S\u00e9rgio, Vila do Conde, Portugal\", html: \"Blutex - Ind\u00fastria de Confec\u00e7\u00f5es, Lda.\", popup: false } ],mapTypeControl: true,zoomControl: true,panControl: true,scaleControl: true,streetViewControl: true});});<\/script><\/p>\n","protected":false},"excerpt":{"rendered":"<p>Uma refer\u00eancia da ind\u00fastria de confec\u00e7\u00e3o t\u00eaxtil do norte de Portugal com mais de 25 anos de experi\u00eancia. SERVI\u00c7OS Tecelagem de Malhas Corte Autom\u00e1tico Confec\u00e7\u00e3o Embalagem Autom\u00e1tica \/ Controlo de Qualidade NOT\u00cdCIAS Norma NP EN ISO &#8211; 9002 A Blutex obteve a sua certifica\u00e7\u00e3o da&hellip;<\/p>\n","protected":false},"author":1,"featured_media":0,"parent":0,"menu_order":1,"comment_status":"closed","ping_status":"closed","template":"template_fullwidth.php","meta":{"footnotes":""},"_links":{"self":[{"href":"https:\/\/www.blutex.pt\/index.php?rest_route=\/wp\/v2\/pages\/7"}],"collection":[{"href":"https:\/\/www.blutex.pt\/index.php?rest_route=\/wp\/v2\/pages"}],"about":[{"href":"https:\/\/www.blutex.pt\/index.php?rest_route=\/wp\/v2\/types\/page"}],"author":[{"embeddable":true,"href":"https:\/\/www.blutex.pt\/index.php?rest_route=\/wp\/v2\/users\/1"}],"replies":[{"embeddable":true,"href":"https:\/\/www.blutex.pt\/index.php?rest_route=%2Fwp%2Fv2%2Fcomments&post=7"}],"version-history":[{"count":39,"href":"https:\/\/www.blutex.pt\/index.php?rest_route=\/wp\/v2\/pages\/7\/revisions"}],"predecessor-version":[{"id":1873,"href":"https:\/\/www.blutex.pt\/index.php?rest_route=\/wp\/v2\/pages\/7\/revisions\/1873"}],"wp:attachment":[{"href":"https:\/\/www.blutex.pt\/index.php?rest_route=%2Fwp%2Fv2%2Fmedia&parent=7"}],"curies":[{"name":"wp","href":"https:\/\/api.w.org\/{rel}","templated":true}]}}